{"id":141,"date":"2018-09-05T08:22:05","date_gmt":"2018-09-05T08:22:05","guid":{"rendered":"https:\/\/dev.rigorousthemes.com\/demo\/businessstartupfree\/?page_id=141"},"modified":"2020-11-23T20:45:17","modified_gmt":"2020-11-23T20:45:17","slug":"no-sidebar","status":"publish","type":"page","link":"https:\/\/www.sackarend-palettenbau.de\/?page_id=141","title":{"rendered":"Lohnkappen"},"content":{"rendered":"\n<p class=\"has-text-align-center\" style=\"font-size:30px\"><strong>Wir s\u00e4gen f\u00fcr Sie ma\u00dfgenaue<\/strong><\/p>\n\n\n\n<p class=\"has-text-align-center\" style=\"font-size:25px\">Holzleisten<br>Kanth\u00f6lzer<br>Stapelh\u00f6lzer<br>Verpackungsbretter<\/p>\n\n\n\n<figure class=\"is-layout-flex wp-block-gallery-1 wp-block-gallery columns-3 is-cropped\"><ul class=\"blocks-gallery-grid\"><li class=\"blocks-gallery-item\"><figure><img decoding=\"async\" loading=\"lazy\" width=\"1024\" height=\"768\" src=\"http:\/\/wordpress.sackarend-palettenbau.de\/wp-content\/uploads\/2020\/11\/WhatsApp-Image-2020-11-21-at-12.20.36.jpeg\" alt=\"\" data-id=\"443\" data-full-url=\"http:\/\/wordpress.sackarend-palettenbau.de\/wp-content\/uploads\/2020\/11\/WhatsApp-Image-2020-11-21-at-12.20.36.jpeg\" data-link=\"http:\/\/wordpress.sackarend-palettenbau.de\/?attachment_id=443\" class=\"wp-image-443\" srcset=\"https:\/\/www.sackarend-palettenbau.de\/wp-content\/uploads\/2020\/11\/WhatsApp-Image-2020-11-21-at-12.20.36.jpeg 1024w, https:\/\/www.sackarend-palettenbau.de\/wp-content\/uploads\/2020\/11\/WhatsApp-Image-2020-11-21-at-12.20.36-300x225.jpeg 300w, https:\/\/www.sackarend-palettenbau.de\/wp-content\/uploads\/2020\/11\/WhatsApp-Image-2020-11-21-at-12.20.36-768x576.jpeg 768w\" sizes=\"(max-width: 1024px) 100vw, 1024px\" \/><\/figure><\/li><li class=\"blocks-gallery-item\"><figure><img decoding=\"async\" loading=\"lazy\" width=\"1024\" height=\"768\" src=\"http:\/\/wordpress.sackarend-palettenbau.de\/wp-content\/uploads\/2020\/11\/WhatsApp-Image-2020-11-21-at-14.37.531.jpeg\" alt=\"\" data-id=\"444\" data-full-url=\"http:\/\/wordpress.sackarend-palettenbau.de\/wp-content\/uploads\/2020\/11\/WhatsApp-Image-2020-11-21-at-14.37.531.jpeg\" data-link=\"http:\/\/wordpress.sackarend-palettenbau.de\/?attachment_id=444\" class=\"wp-image-444\" srcset=\"https:\/\/www.sackarend-palettenbau.de\/wp-content\/uploads\/2020\/11\/WhatsApp-Image-2020-11-21-at-14.37.531.jpeg 1024w, https:\/\/www.sackarend-palettenbau.de\/wp-content\/uploads\/2020\/11\/WhatsApp-Image-2020-11-21-at-14.37.531-300x225.jpeg 300w, https:\/\/www.sackarend-palettenbau.de\/wp-content\/uploads\/2020\/11\/WhatsApp-Image-2020-11-21-at-14.37.531-768x576.jpeg 768w\" sizes=\"(max-width: 1024px) 100vw, 1024px\" \/><\/figure><\/li><li class=\"blocks-gallery-item\"><figure><img decoding=\"async\" loading=\"lazy\" width=\"1024\" height=\"768\" src=\"http:\/\/wordpress.sackarend-palettenbau.de\/wp-content\/uploads\/2020\/11\/WhatsApp-Image-2020-11-21-at-14.37.532.jpeg\" alt=\"\" data-id=\"445\" data-full-url=\"http:\/\/wordpress.sackarend-palettenbau.de\/wp-content\/uploads\/2020\/11\/WhatsApp-Image-2020-11-21-at-14.37.532.jpeg\" data-link=\"http:\/\/wordpress.sackarend-palettenbau.de\/?attachment_id=445\" class=\"wp-image-445\" srcset=\"https:\/\/www.sackarend-palettenbau.de\/wp-content\/uploads\/2020\/11\/WhatsApp-Image-2020-11-21-at-14.37.532.jpeg 1024w, https:\/\/www.sackarend-palettenbau.de\/wp-content\/uploads\/2020\/11\/WhatsApp-Image-2020-11-21-at-14.37.532-300x225.jpeg 300w, https:\/\/www.sackarend-palettenbau.de\/wp-content\/uploads\/2020\/11\/WhatsApp-Image-2020-11-21-at-14.37.532-768x576.jpeg 768w\" sizes=\"(max-width: 1024px) 100vw, 1024px\" \/><\/figure><\/li><li class=\"blocks-gallery-item\"><figure><img decoding=\"async\" loading=\"lazy\" width=\"1024\" height=\"768\" src=\"http:\/\/wordpress.sackarend-palettenbau.de\/wp-content\/uploads\/2020\/11\/WhatsApp-Image-2020-11-21-at-14.37.533.jpeg\" alt=\"\" data-id=\"446\" data-full-url=\"http:\/\/wordpress.sackarend-palettenbau.de\/wp-content\/uploads\/2020\/11\/WhatsApp-Image-2020-11-21-at-14.37.533.jpeg\" data-link=\"http:\/\/wordpress.sackarend-palettenbau.de\/?attachment_id=446\" class=\"wp-image-446\" srcset=\"https:\/\/www.sackarend-palettenbau.de\/wp-content\/uploads\/2020\/11\/WhatsApp-Image-2020-11-21-at-14.37.533.jpeg 1024w, https:\/\/www.sackarend-palettenbau.de\/wp-content\/uploads\/2020\/11\/WhatsApp-Image-2020-11-21-at-14.37.533-300x225.jpeg 300w, https:\/\/www.sackarend-palettenbau.de\/wp-content\/uploads\/2020\/11\/WhatsApp-Image-2020-11-21-at-14.37.533-768x576.jpeg 768w\" sizes=\"(max-width: 1024px) 100vw, 1024px\" \/><\/figure><\/li><li class=\"blocks-gallery-item\"><figure><img decoding=\"async\" loading=\"lazy\" width=\"1024\" height=\"768\" src=\"http:\/\/wordpress.sackarend-palettenbau.de\/wp-content\/uploads\/2020\/11\/WhatsApp-Image-2020-11-21-at-14.37.534.jpeg\" alt=\"\" data-id=\"447\" data-full-url=\"http:\/\/wordpress.sackarend-palettenbau.de\/wp-content\/uploads\/2020\/11\/WhatsApp-Image-2020-11-21-at-14.37.534.jpeg\" data-link=\"http:\/\/wordpress.sackarend-palettenbau.de\/?attachment_id=447\" class=\"wp-image-447\" srcset=\"https:\/\/www.sackarend-palettenbau.de\/wp-content\/uploads\/2020\/11\/WhatsApp-Image-2020-11-21-at-14.37.534.jpeg 1024w, https:\/\/www.sackarend-palettenbau.de\/wp-content\/uploads\/2020\/11\/WhatsApp-Image-2020-11-21-at-14.37.534-300x225.jpeg 300w, https:\/\/www.sackarend-palettenbau.de\/wp-content\/uploads\/2020\/11\/WhatsApp-Image-2020-11-21-at-14.37.534-768x576.jpeg 768w\" sizes=\"(max-width: 1024px) 100vw, 1024px\" \/><\/figure><\/li><li class=\"blocks-gallery-item\"><figure><img decoding=\"async\" loading=\"lazy\" width=\"768\" height=\"1024\" src=\"http:\/\/wordpress.sackarend-palettenbau.de\/wp-content\/uploads\/2020\/11\/WhatsApp-Image-2020-11-21-at-12.20.363.jpeg\" alt=\"\" data-id=\"449\" data-full-url=\"http:\/\/wordpress.sackarend-palettenbau.de\/wp-content\/uploads\/2020\/11\/WhatsApp-Image-2020-11-21-at-12.20.363.jpeg\" data-link=\"http:\/\/wordpress.sackarend-palettenbau.de\/?attachment_id=449\" class=\"wp-image-449\" srcset=\"https:\/\/www.sackarend-palettenbau.de\/wp-content\/uploads\/2020\/11\/WhatsApp-Image-2020-11-21-at-12.20.363.jpeg 768w, https:\/\/www.sackarend-palettenbau.de\/wp-content\/uploads\/2020\/11\/WhatsApp-Image-2020-11-21-at-12.20.363-225x300.jpeg 225w\" sizes=\"(max-width: 768px) 100vw, 768px\" \/><\/figure><\/li><li class=\"blocks-gallery-item\"><figure><img decoding=\"async\" loading=\"lazy\" width=\"1024\" height=\"768\" src=\"http:\/\/wordpress.sackarend-palettenbau.de\/wp-content\/uploads\/2020\/11\/WhatsApp-Image-2020-11-21-at-12.20.364.jpeg\" alt=\"\" data-id=\"450\" data-full-url=\"http:\/\/wordpress.sackarend-palettenbau.de\/wp-content\/uploads\/2020\/11\/WhatsApp-Image-2020-11-21-at-12.20.364.jpeg\" data-link=\"http:\/\/wordpress.sackarend-palettenbau.de\/?attachment_id=450\" class=\"wp-image-450\" srcset=\"https:\/\/www.sackarend-palettenbau.de\/wp-content\/uploads\/2020\/11\/WhatsApp-Image-2020-11-21-at-12.20.364.jpeg 1024w, https:\/\/www.sackarend-palettenbau.de\/wp-content\/uploads\/2020\/11\/WhatsApp-Image-2020-11-21-at-12.20.364-300x225.jpeg 300w, https:\/\/www.sackarend-palettenbau.de\/wp-content\/uploads\/2020\/11\/WhatsApp-Image-2020-11-21-at-12.20.364-768x576.jpeg 768w\" sizes=\"(max-width: 1024px) 100vw, 1024px\" \/><\/figure><\/li><li class=\"blocks-gallery-item\"><figure><img decoding=\"async\" loading=\"lazy\" width=\"1024\" height=\"768\" src=\"http:\/\/wordpress.sackarend-palettenbau.de\/wp-content\/uploads\/2020\/11\/WhatsApp-Image-2020-11-21-at-12.20.365.jpeg\" alt=\"\" data-id=\"451\" data-full-url=\"http:\/\/wordpress.sackarend-palettenbau.de\/wp-content\/uploads\/2020\/11\/WhatsApp-Image-2020-11-21-at-12.20.365.jpeg\" data-link=\"http:\/\/wordpress.sackarend-palettenbau.de\/?attachment_id=451\" class=\"wp-image-451\" srcset=\"https:\/\/www.sackarend-palettenbau.de\/wp-content\/uploads\/2020\/11\/WhatsApp-Image-2020-11-21-at-12.20.365.jpeg 1024w, https:\/\/www.sackarend-palettenbau.de\/wp-content\/uploads\/2020\/11\/WhatsApp-Image-2020-11-21-at-12.20.365-300x225.jpeg 300w, https:\/\/www.sackarend-palettenbau.de\/wp-content\/uploads\/2020\/11\/WhatsApp-Image-2020-11-21-at-12.20.365-768x576.jpeg 768w\" sizes=\"(max-width: 1024px) 100vw, 1024px\" \/><\/figure><\/li><\/ul><\/figure>\n","protected":false},"excerpt":{"rendered":"<p>Wir s\u00e4gen f\u00fcr Sie ma\u00dfgenaue HolzleistenKanth\u00f6lzerStapelh\u00f6lzerVerpackungsbretter<\/p>\n","protected":false},"author":1,"featured_media":0,"parent":0,"menu_order":0,"comment_status":"closed","ping_status":"closed","template":"","meta":[],"yoast_head":"<!-- This site is optimized with the Yoast SEO plugin v20.3 - https:\/\/yoast.com\/wordpress\/plugins\/seo\/ -->\n<title>Lohnkappen - Sackarend-Palettenbau<\/title>\n<meta name=\"robots\" content=\"index, follow, max-snippet:-1, max-image-preview:large, max-video-preview:-1\" \/>\n<link rel=\"canonical\" href=\"https:\/\/www.sackarend-palettenbau.de\/?page_id=141\" \/>\n<meta property=\"og:locale\" content=\"de_DE\" \/>\n<meta property=\"og:type\" content=\"article\" \/>\n<meta property=\"og:title\" content=\"Lohnkappen - Sackarend-Palettenbau\" \/>\n<meta property=\"og:description\" content=\"Wir s\u00e4gen f\u00fcr Sie ma\u00dfgenaue HolzleistenKanth\u00f6lzerStapelh\u00f6lzerVerpackungsbretter\" \/>\n<meta property=\"og:url\" content=\"https:\/\/www.sackarend-palettenbau.de\/?page_id=141\" \/>\n<meta property=\"og:site_name\" content=\"Sackarend-Palettenbau\" \/>\n<meta property=\"article:modified_time\" content=\"2020-11-23T20:45:17+00:00\" \/>\n<meta property=\"og:image\" content=\"http:\/\/wordpress.sackarend-palettenbau.de\/wp-content\/uploads\/2020\/11\/WhatsApp-Image-2020-11-21-at-12.20.36.jpeg\" \/>\n<meta name=\"twitter:card\" content=\"summary_large_image\" \/>\n<script type=\"application\/ld+json\" class=\"yoast-schema-graph\">{\"@context\":\"https:\/\/schema.org\",\"@graph\":[{\"@type\":\"WebPage\",\"@id\":\"https:\/\/www.sackarend-palettenbau.de\/?page_id=141\",\"url\":\"https:\/\/www.sackarend-palettenbau.de\/?page_id=141\",\"name\":\"Lohnkappen - Sackarend-Palettenbau\",\"isPartOf\":{\"@id\":\"https:\/\/www.sackarend-palettenbau.de\/#website\"},\"datePublished\":\"2018-09-05T08:22:05+00:00\",\"dateModified\":\"2020-11-23T20:45:17+00:00\",\"breadcrumb\":{\"@id\":\"https:\/\/www.sackarend-palettenbau.de\/?page_id=141#breadcrumb\"},\"inLanguage\":\"de\",\"potentialAction\":[{\"@type\":\"ReadAction\",\"target\":[\"https:\/\/www.sackarend-palettenbau.de\/?page_id=141\"]}]},{\"@type\":\"BreadcrumbList\",\"@id\":\"https:\/\/www.sackarend-palettenbau.de\/?page_id=141#breadcrumb\",\"itemListElement\":[{\"@type\":\"ListItem\",\"position\":1,\"name\":\"Startseite\",\"item\":\"https:\/\/www.sackarend-palettenbau.de\/\"},{\"@type\":\"ListItem\",\"position\":2,\"name\":\"Lohnkappen\"}]},{\"@type\":\"WebSite\",\"@id\":\"https:\/\/www.sackarend-palettenbau.de\/#website\",\"url\":\"https:\/\/www.sackarend-palettenbau.de\/\",\"name\":\"Sackarend-Palettenbau\",\"description\":\"\",\"publisher\":{\"@id\":\"https:\/\/www.sackarend-palettenbau.de\/#organization\"},\"potentialAction\":[{\"@type\":\"SearchAction\",\"target\":{\"@type\":\"EntryPoint\",\"urlTemplate\":\"https:\/\/www.sackarend-palettenbau.de\/?s={search_term_string}\"},\"query-input\":\"required name=search_term_string\"}],\"inLanguage\":\"de\"},{\"@type\":\"Organization\",\"@id\":\"https:\/\/www.sackarend-palettenbau.de\/#organization\",\"name\":\"Sackarend-Palettenbau\",\"url\":\"https:\/\/www.sackarend-palettenbau.de\/\",\"logo\":{\"@type\":\"ImageObject\",\"inLanguage\":\"de\",\"@id\":\"https:\/\/www.sackarend-palettenbau.de\/#\/schema\/logo\/image\/\",\"url\":\"https:\/\/www.sackarend-palettenbau.de\/wp-content\/uploads\/2020\/11\/sp-logo-2-3.jpg\",\"contentUrl\":\"https:\/\/www.sackarend-palettenbau.de\/wp-content\/uploads\/2020\/11\/sp-logo-2-3.jpg\",\"width\":322,\"height\":76,\"caption\":\"Sackarend-Palettenbau\"},\"image\":{\"@id\":\"https:\/\/www.sackarend-palettenbau.de\/#\/schema\/logo\/image\/\"}}]}<\/script>\n<!-- \/ Yoast SEO plugin. -->","yoast_head_json":{"title":"Lohnkappen - Sackarend-Palettenbau","robots":{"index":"index","follow":"follow","max-snippet":"max-snippet:-1","max-image-preview":"max-image-preview:large","max-video-preview":"max-video-preview:-1"},"canonical":"https:\/\/www.sackarend-palettenbau.de\/?page_id=141","og_locale":"de_DE","og_type":"article","og_title":"Lohnkappen - Sackarend-Palettenbau","og_description":"Wir s\u00e4gen f\u00fcr Sie ma\u00dfgenaue HolzleistenKanth\u00f6lzerStapelh\u00f6lzerVerpackungsbretter","og_url":"https:\/\/www.sackarend-palettenbau.de\/?page_id=141","og_site_name":"Sackarend-Palettenbau","article_modified_time":"2020-11-23T20:45:17+00:00","og_image":[{"url":"http:\/\/wordpress.sackarend-palettenbau.de\/wp-content\/uploads\/2020\/11\/WhatsApp-Image-2020-11-21-at-12.20.36.jpeg"}],"twitter_card":"summary_large_image","schema":{"@context":"https:\/\/schema.org","@graph":[{"@type":"WebPage","@id":"https:\/\/www.sackarend-palettenbau.de\/?page_id=141","url":"https:\/\/www.sackarend-palettenbau.de\/?page_id=141","name":"Lohnkappen - Sackarend-Palettenbau","isPartOf":{"@id":"https:\/\/www.sackarend-palettenbau.de\/#website"},"datePublished":"2018-09-05T08:22:05+00:00","dateModified":"2020-11-23T20:45:17+00:00","breadcrumb":{"@id":"https:\/\/www.sackarend-palettenbau.de\/?page_id=141#breadcrumb"},"inLanguage":"de","potentialAction":[{"@type":"ReadAction","target":["https:\/\/www.sackarend-palettenbau.de\/?page_id=141"]}]},{"@type":"BreadcrumbList","@id":"https:\/\/www.sackarend-palettenbau.de\/?page_id=141#breadcrumb","itemListElement":[{"@type":"ListItem","position":1,"name":"Startseite","item":"https:\/\/www.sackarend-palettenbau.de\/"},{"@type":"ListItem","position":2,"name":"Lohnkappen"}]},{"@type":"WebSite","@id":"https:\/\/www.sackarend-palettenbau.de\/#website","url":"https:\/\/www.sackarend-palettenbau.de\/","name":"Sackarend-Palettenbau","description":"","publisher":{"@id":"https:\/\/www.sackarend-palettenbau.de\/#organization"},"potentialAction":[{"@type":"SearchAction","target":{"@type":"EntryPoint","urlTemplate":"https:\/\/www.sackarend-palettenbau.de\/?s={search_term_string}"},"query-input":"required name=search_term_string"}],"inLanguage":"de"},{"@type":"Organization","@id":"https:\/\/www.sackarend-palettenbau.de\/#organization","name":"Sackarend-Palettenbau","url":"https:\/\/www.sackarend-palettenbau.de\/","logo":{"@type":"ImageObject","inLanguage":"de","@id":"https:\/\/www.sackarend-palettenbau.de\/#\/schema\/logo\/image\/","url":"https:\/\/www.sackarend-palettenbau.de\/wp-content\/uploads\/2020\/11\/sp-logo-2-3.jpg","contentUrl":"https:\/\/www.sackarend-palettenbau.de\/wp-content\/uploads\/2020\/11\/sp-logo-2-3.jpg","width":322,"height":76,"caption":"Sackarend-Palettenbau"},"image":{"@id":"https:\/\/www.sackarend-palettenbau.de\/#\/schema\/logo\/image\/"}}]}},"_links":{"self":[{"href":"https:\/\/www.sackarend-palettenbau.de\/index.php?rest_route=\/wp\/v2\/pages\/141"}],"collection":[{"href":"https:\/\/www.sackarend-palettenbau.de\/index.php?rest_route=\/wp\/v2\/pages"}],"about":[{"href":"https:\/\/www.sackarend-palettenbau.de\/index.php?rest_route=\/wp\/v2\/types\/page"}],"author":[{"embeddable":true,"href":"https:\/\/www.sackarend-palettenbau.de\/index.php?rest_route=\/wp\/v2\/users\/1"}],"replies":[{"embeddable":true,"href":"https:\/\/www.sackarend-palettenbau.de\/index.php?rest_route=%2Fwp%2Fv2%2Fcomments&post=141"}],"version-history":[{"count":9,"href":"https:\/\/www.sackarend-palettenbau.de\/index.php?rest_route=\/wp\/v2\/pages\/141\/revisions"}],"predecessor-version":[{"id":453,"href":"https:\/\/www.sackarend-palettenbau.de\/index.php?rest_route=\/wp\/v2\/pages\/141\/revisions\/453"}],"wp:attachment":[{"href":"https:\/\/www.sackarend-palettenbau.de\/index.php?rest_route=%2Fwp%2Fv2%2Fmedia&parent=141"}],"curies":[{"name":"wp","href":"https:\/\/api.w.org\/{rel}","templated":true}]}}