{"id":318,"date":"2020-11-20T19:52:52","date_gmt":"2020-11-20T19:52:52","guid":{"rendered":"http:\/\/wordpress.sackarend-palettenbau.de\/?page_id=318"},"modified":"2020-12-03T20:32:50","modified_gmt":"2020-12-03T20:32:50","slug":"industrieverpackungen","status":"publish","type":"page","link":"https:\/\/www.sackarend-palettenbau.de\/?page_id=318","title":{"rendered":"Industrieverpackungen"},"content":{"rendered":"\n<p class=\"has-text-align-center\" style=\"font-size:25px\">Wir fertigen ma\u00dfgenaue Industrieverpackungen aus Holz- und Holzwerkstoffen.<\/p>\n\n\n\n<p class=\"has-text-align-center has-medium-font-size\">Holzkisten<br>Holzverschl\u00e4ge<br>Verpackungsh\u00f6lzer<br>Palettenrahmen<br>\u00dcberseekisten<\/p>\n\n\n\n<figure class=\"is-layout-flex wp-block-gallery-1 wp-block-gallery columns-2 is-cropped\"><ul class=\"blocks-gallery-grid\"><li class=\"blocks-gallery-item\"><figure><img decoding=\"async\" loading=\"lazy\" width=\"768\" height=\"1024\" src=\"http:\/\/wordpress.sackarend-palettenbau.de\/wp-content\/uploads\/2020\/11\/WhatsApp-Image-2020-11-25-at-21.19.05.jpeg\" alt=\"\" data-id=\"482\" data-full-url=\"http:\/\/wordpress.sackarend-palettenbau.de\/wp-content\/uploads\/2020\/11\/WhatsApp-Image-2020-11-25-at-21.19.05.jpeg\" data-link=\"http:\/\/wordpress.sackarend-palettenbau.de\/?attachment_id=482\" class=\"wp-image-482\" srcset=\"https:\/\/www.sackarend-palettenbau.de\/wp-content\/uploads\/2020\/11\/WhatsApp-Image-2020-11-25-at-21.19.05.jpeg 768w, https:\/\/www.sackarend-palettenbau.de\/wp-content\/uploads\/2020\/11\/WhatsApp-Image-2020-11-25-at-21.19.05-225x300.jpeg 225w\" sizes=\"(max-width: 768px) 100vw, 768px\" \/><figcaption class=\"blocks-gallery-item__caption\"><strong>Holzkisten<\/strong><\/figcaption><\/figure><\/li><li class=\"blocks-gallery-item\"><figure><img decoding=\"async\" loading=\"lazy\" width=\"768\" height=\"1024\" src=\"http:\/\/wordpress.sackarend-palettenbau.de\/wp-content\/uploads\/2020\/11\/WhatsApp-Image-2020-11-25-at-21.32.24.jpeg\" alt=\"\" data-id=\"485\" data-full-url=\"http:\/\/wordpress.sackarend-palettenbau.de\/wp-content\/uploads\/2020\/11\/WhatsApp-Image-2020-11-25-at-21.32.24.jpeg\" data-link=\"http:\/\/wordpress.sackarend-palettenbau.de\/?attachment_id=485\" class=\"wp-image-485\" srcset=\"https:\/\/www.sackarend-palettenbau.de\/wp-content\/uploads\/2020\/11\/WhatsApp-Image-2020-11-25-at-21.32.24.jpeg 768w, https:\/\/www.sackarend-palettenbau.de\/wp-content\/uploads\/2020\/11\/WhatsApp-Image-2020-11-25-at-21.32.24-225x300.jpeg 225w\" sizes=\"(max-width: 768px) 100vw, 768px\" \/><figcaption class=\"blocks-gallery-item__caption\"><strong>Palettenrahmen<\/strong><\/figcaption><\/figure><\/li><li class=\"blocks-gallery-item\"><figure><img decoding=\"async\" loading=\"lazy\" width=\"768\" height=\"1024\" src=\"http:\/\/wordpress.sackarend-palettenbau.de\/wp-content\/uploads\/2020\/11\/WhatsApp-Image-2020-11-25-at-21.38.22.jpeg\" alt=\"\" data-id=\"493\" data-full-url=\"http:\/\/wordpress.sackarend-palettenbau.de\/wp-content\/uploads\/2020\/11\/WhatsApp-Image-2020-11-25-at-21.38.22.jpeg\" data-link=\"http:\/\/wordpress.sackarend-palettenbau.de\/?attachment_id=493\" class=\"wp-image-493\" srcset=\"https:\/\/www.sackarend-palettenbau.de\/wp-content\/uploads\/2020\/11\/WhatsApp-Image-2020-11-25-at-21.38.22.jpeg 768w, https:\/\/www.sackarend-palettenbau.de\/wp-content\/uploads\/2020\/11\/WhatsApp-Image-2020-11-25-at-21.38.22-225x300.jpeg 225w\" sizes=\"(max-width: 768px) 100vw, 768px\" \/><figcaption class=\"blocks-gallery-item__caption\"><strong>Holzkisten<\/strong><\/figcaption><\/figure><\/li><li class=\"blocks-gallery-item\"><figure><img decoding=\"async\" loading=\"lazy\" width=\"1024\" height=\"768\" src=\"http:\/\/wordpress.sackarend-palettenbau.de\/wp-content\/uploads\/2020\/11\/WhatsApp-Image-2020-11-25-at-21.41.29.jpeg\" alt=\"\" data-id=\"495\" data-full-url=\"http:\/\/wordpress.sackarend-palettenbau.de\/wp-content\/uploads\/2020\/11\/WhatsApp-Image-2020-11-25-at-21.41.29.jpeg\" data-link=\"http:\/\/wordpress.sackarend-palettenbau.de\/?attachment_id=495\" class=\"wp-image-495\" srcset=\"https:\/\/www.sackarend-palettenbau.de\/wp-content\/uploads\/2020\/11\/WhatsApp-Image-2020-11-25-at-21.41.29.jpeg 1024w, https:\/\/www.sackarend-palettenbau.de\/wp-content\/uploads\/2020\/11\/WhatsApp-Image-2020-11-25-at-21.41.29-300x225.jpeg 300w, https:\/\/www.sackarend-palettenbau.de\/wp-content\/uploads\/2020\/11\/WhatsApp-Image-2020-11-25-at-21.41.29-768x576.jpeg 768w\" sizes=\"(max-width: 1024px) 100vw, 1024px\" \/><figcaption class=\"blocks-gallery-item__caption\"><strong>Containerpaletten<\/strong><\/figcaption><\/figure><\/li><li class=\"blocks-gallery-item\"><figure><img decoding=\"async\" loading=\"lazy\" width=\"1024\" height=\"768\" src=\"http:\/\/wordpress.sackarend-palettenbau.de\/wp-content\/uploads\/2020\/11\/WhatsApp-Image-2020-11-25-at-21.42.28.jpeg\" alt=\"\" data-id=\"497\" data-full-url=\"http:\/\/wordpress.sackarend-palettenbau.de\/wp-content\/uploads\/2020\/11\/WhatsApp-Image-2020-11-25-at-21.42.28.jpeg\" data-link=\"http:\/\/wordpress.sackarend-palettenbau.de\/?attachment_id=497\" class=\"wp-image-497\" srcset=\"https:\/\/www.sackarend-palettenbau.de\/wp-content\/uploads\/2020\/11\/WhatsApp-Image-2020-11-25-at-21.42.28.jpeg 1024w, https:\/\/www.sackarend-palettenbau.de\/wp-content\/uploads\/2020\/11\/WhatsApp-Image-2020-11-25-at-21.42.28-300x225.jpeg 300w, https:\/\/www.sackarend-palettenbau.de\/wp-content\/uploads\/2020\/11\/WhatsApp-Image-2020-11-25-at-21.42.28-768x576.jpeg 768w\" sizes=\"(max-width: 1024px) 100vw, 1024px\" \/><figcaption class=\"blocks-gallery-item__caption\"><strong>Holzverschl\u00e4ge<\/strong><\/figcaption><\/figure><\/li><li class=\"blocks-gallery-item\"><figure><img decoding=\"async\" loading=\"lazy\" width=\"1024\" height=\"768\" src=\"http:\/\/wordpress.sackarend-palettenbau.de\/wp-content\/uploads\/2020\/12\/WhatsApp-Image-2020-12-03-at-21.06.19-1024x768.jpeg\" alt=\"Transportgestell f\u00fcr Metallbleche\" data-id=\"606\" data-full-url=\"http:\/\/wordpress.sackarend-palettenbau.de\/wp-content\/uploads\/2020\/12\/WhatsApp-Image-2020-12-03-at-21.06.19.jpeg\" data-link=\"http:\/\/wordpress.sackarend-palettenbau.de\/?attachment_id=606\" class=\"wp-image-606\" srcset=\"https:\/\/www.sackarend-palettenbau.de\/wp-content\/uploads\/2020\/12\/WhatsApp-Image-2020-12-03-at-21.06.19-1024x768.jpeg 1024w, https:\/\/www.sackarend-palettenbau.de\/wp-content\/uploads\/2020\/12\/WhatsApp-Image-2020-12-03-at-21.06.19-300x225.jpeg 300w, https:\/\/www.sackarend-palettenbau.de\/wp-content\/uploads\/2020\/12\/WhatsApp-Image-2020-12-03-at-21.06.19-768x576.jpeg 768w, https:\/\/www.sackarend-palettenbau.de\/wp-content\/uploads\/2020\/12\/WhatsApp-Image-2020-12-03-at-21.06.19-1536x1152.jpeg 1536w, https:\/\/www.sackarend-palettenbau.de\/wp-content\/uploads\/2020\/12\/WhatsApp-Image-2020-12-03-at-21.06.19.jpeg 1600w\" sizes=\"(max-width: 1024px) 100vw, 1024px\" \/><figcaption class=\"blocks-gallery-item__caption\"><strong>Transportgestelle<\/strong><\/figcaption><\/figure><\/li><li class=\"blocks-gallery-item\"><figure><img decoding=\"async\" loading=\"lazy\" width=\"1024\" height=\"768\" src=\"http:\/\/wordpress.sackarend-palettenbau.de\/wp-content\/uploads\/2020\/12\/WhatsApp-Image-2020-12-03-at-21.07.281.jpeg\" alt=\"\u00dcberseekiste\" data-id=\"604\" data-full-url=\"http:\/\/wordpress.sackarend-palettenbau.de\/wp-content\/uploads\/2020\/12\/WhatsApp-Image-2020-12-03-at-21.07.281.jpeg\" data-link=\"http:\/\/wordpress.sackarend-palettenbau.de\/?attachment_id=604\" class=\"wp-image-604\" srcset=\"https:\/\/www.sackarend-palettenbau.de\/wp-content\/uploads\/2020\/12\/WhatsApp-Image-2020-12-03-at-21.07.281.jpeg 1024w, https:\/\/www.sackarend-palettenbau.de\/wp-content\/uploads\/2020\/12\/WhatsApp-Image-2020-12-03-at-21.07.281-300x225.jpeg 300w, https:\/\/www.sackarend-palettenbau.de\/wp-content\/uploads\/2020\/12\/WhatsApp-Image-2020-12-03-at-21.07.281-768x576.jpeg 768w\" sizes=\"(max-width: 1024px) 100vw, 1024px\" \/><figcaption class=\"blocks-gallery-item__caption\"><strong>\u00dcberseekiste<\/strong><\/figcaption><\/figure><\/li><li class=\"blocks-gallery-item\"><figure><img decoding=\"async\" loading=\"lazy\" width=\"1024\" height=\"768\" src=\"http:\/\/wordpress.sackarend-palettenbau.de\/wp-content\/uploads\/2020\/12\/WhatsApp-Image-2020-12-03-at-21.07.282.jpeg\" alt=\"\u00dcberseekiste innen\" data-id=\"603\" data-full-url=\"http:\/\/wordpress.sackarend-palettenbau.de\/wp-content\/uploads\/2020\/12\/WhatsApp-Image-2020-12-03-at-21.07.282.jpeg\" data-link=\"http:\/\/wordpress.sackarend-palettenbau.de\/?attachment_id=603\" class=\"wp-image-603\" srcset=\"https:\/\/www.sackarend-palettenbau.de\/wp-content\/uploads\/2020\/12\/WhatsApp-Image-2020-12-03-at-21.07.282.jpeg 1024w, https:\/\/www.sackarend-palettenbau.de\/wp-content\/uploads\/2020\/12\/WhatsApp-Image-2020-12-03-at-21.07.282-300x225.jpeg 300w, https:\/\/www.sackarend-palettenbau.de\/wp-content\/uploads\/2020\/12\/WhatsApp-Image-2020-12-03-at-21.07.282-768x576.jpeg 768w\" sizes=\"(max-width: 1024px) 100vw, 1024px\" \/><figcaption class=\"blocks-gallery-item__caption\"><strong>\u00dcberseekiste &#8211; innen<\/strong><\/figcaption><\/figure><\/li><\/ul><\/figure>\n","protected":false},"excerpt":{"rendered":"<p>Wir fertigen ma\u00dfgenaue Industrieverpackungen aus Holz- und Holzwerkstoffen. HolzkistenHolzverschl\u00e4geVerpackungsh\u00f6lzerPalettenrahmen\u00dcberseekisten<\/p>\n","protected":false},"author":1,"featured_media":0,"parent":0,"menu_order":0,"comment_status":"closed","ping_status":"closed","template":"","meta":[],"yoast_head":"<!-- This site is optimized with the Yoast SEO plugin v20.3 - https:\/\/yoast.com\/wordpress\/plugins\/seo\/ -->\n<title>Industrieverpackungen - Sackarend-Palettenbau<\/title>\n<meta name=\"robots\" content=\"index, follow, max-snippet:-1, max-image-preview:large, max-video-preview:-1\" \/>\n<link rel=\"canonical\" href=\"https:\/\/www.sackarend-palettenbau.de\/?page_id=318\" \/>\n<meta property=\"og:locale\" content=\"de_DE\" \/>\n<meta property=\"og:type\" content=\"article\" \/>\n<meta property=\"og:title\" content=\"Industrieverpackungen - Sackarend-Palettenbau\" \/>\n<meta property=\"og:description\" content=\"Wir fertigen ma\u00dfgenaue Industrieverpackungen aus Holz- und Holzwerkstoffen. HolzkistenHolzverschl\u00e4geVerpackungsh\u00f6lzerPalettenrahmen\u00dcberseekisten\" \/>\n<meta property=\"og:url\" content=\"https:\/\/www.sackarend-palettenbau.de\/?page_id=318\" \/>\n<meta property=\"og:site_name\" content=\"Sackarend-Palettenbau\" \/>\n<meta property=\"article:modified_time\" content=\"2020-12-03T20:32:50+00:00\" \/>\n<meta property=\"og:image\" content=\"http:\/\/wordpress.sackarend-palettenbau.de\/wp-content\/uploads\/2020\/11\/WhatsApp-Image-2020-11-25-at-21.19.05.jpeg\" \/>\n<meta name=\"twitter:card\" content=\"summary_large_image\" \/>\n<script type=\"application\/ld+json\" class=\"yoast-schema-graph\">{\"@context\":\"https:\/\/schema.org\",\"@graph\":[{\"@type\":\"WebPage\",\"@id\":\"https:\/\/www.sackarend-palettenbau.de\/?page_id=318\",\"url\":\"https:\/\/www.sackarend-palettenbau.de\/?page_id=318\",\"name\":\"Industrieverpackungen - Sackarend-Palettenbau\",\"isPartOf\":{\"@id\":\"https:\/\/www.sackarend-palettenbau.de\/#website\"},\"datePublished\":\"2020-11-20T19:52:52+00:00\",\"dateModified\":\"2020-12-03T20:32:50+00:00\",\"breadcrumb\":{\"@id\":\"https:\/\/www.sackarend-palettenbau.de\/?page_id=318#breadcrumb\"},\"inLanguage\":\"de\",\"potentialAction\":[{\"@type\":\"ReadAction\",\"target\":[\"https:\/\/www.sackarend-palettenbau.de\/?page_id=318\"]}]},{\"@type\":\"BreadcrumbList\",\"@id\":\"https:\/\/www.sackarend-palettenbau.de\/?page_id=318#breadcrumb\",\"itemListElement\":[{\"@type\":\"ListItem\",\"position\":1,\"name\":\"Startseite\",\"item\":\"https:\/\/www.sackarend-palettenbau.de\/\"},{\"@type\":\"ListItem\",\"position\":2,\"name\":\"Industrieverpackungen\"}]},{\"@type\":\"WebSite\",\"@id\":\"https:\/\/www.sackarend-palettenbau.de\/#website\",\"url\":\"https:\/\/www.sackarend-palettenbau.de\/\",\"name\":\"Sackarend-Palettenbau\",\"description\":\"\",\"publisher\":{\"@id\":\"https:\/\/www.sackarend-palettenbau.de\/#organization\"},\"potentialAction\":[{\"@type\":\"SearchAction\",\"target\":{\"@type\":\"EntryPoint\",\"urlTemplate\":\"https:\/\/www.sackarend-palettenbau.de\/?s={search_term_string}\"},\"query-input\":\"required name=search_term_string\"}],\"inLanguage\":\"de\"},{\"@type\":\"Organization\",\"@id\":\"https:\/\/www.sackarend-palettenbau.de\/#organization\",\"name\":\"Sackarend-Palettenbau\",\"url\":\"https:\/\/www.sackarend-palettenbau.de\/\",\"logo\":{\"@type\":\"ImageObject\",\"inLanguage\":\"de\",\"@id\":\"https:\/\/www.sackarend-palettenbau.de\/#\/schema\/logo\/image\/\",\"url\":\"https:\/\/www.sackarend-palettenbau.de\/wp-content\/uploads\/2020\/11\/sp-logo-2-3.jpg\",\"contentUrl\":\"https:\/\/www.sackarend-palettenbau.de\/wp-content\/uploads\/2020\/11\/sp-logo-2-3.jpg\",\"width\":322,\"height\":76,\"caption\":\"Sackarend-Palettenbau\"},\"image\":{\"@id\":\"https:\/\/www.sackarend-palettenbau.de\/#\/schema\/logo\/image\/\"}}]}<\/script>\n<!-- \/ Yoast SEO plugin. -->","yoast_head_json":{"title":"Industrieverpackungen - Sackarend-Palettenbau","robots":{"index":"index","follow":"follow","max-snippet":"max-snippet:-1","max-image-preview":"max-image-preview:large","max-video-preview":"max-video-preview:-1"},"canonical":"https:\/\/www.sackarend-palettenbau.de\/?page_id=318","og_locale":"de_DE","og_type":"article","og_title":"Industrieverpackungen - Sackarend-Palettenbau","og_description":"Wir fertigen ma\u00dfgenaue Industrieverpackungen aus Holz- und Holzwerkstoffen. HolzkistenHolzverschl\u00e4geVerpackungsh\u00f6lzerPalettenrahmen\u00dcberseekisten","og_url":"https:\/\/www.sackarend-palettenbau.de\/?page_id=318","og_site_name":"Sackarend-Palettenbau","article_modified_time":"2020-12-03T20:32:50+00:00","og_image":[{"url":"http:\/\/wordpress.sackarend-palettenbau.de\/wp-content\/uploads\/2020\/11\/WhatsApp-Image-2020-11-25-at-21.19.05.jpeg"}],"twitter_card":"summary_large_image","schema":{"@context":"https:\/\/schema.org","@graph":[{"@type":"WebPage","@id":"https:\/\/www.sackarend-palettenbau.de\/?page_id=318","url":"https:\/\/www.sackarend-palettenbau.de\/?page_id=318","name":"Industrieverpackungen - Sackarend-Palettenbau","isPartOf":{"@id":"https:\/\/www.sackarend-palettenbau.de\/#website"},"datePublished":"2020-11-20T19:52:52+00:00","dateModified":"2020-12-03T20:32:50+00:00","breadcrumb":{"@id":"https:\/\/www.sackarend-palettenbau.de\/?page_id=318#breadcrumb"},"inLanguage":"de","potentialAction":[{"@type":"ReadAction","target":["https:\/\/www.sackarend-palettenbau.de\/?page_id=318"]}]},{"@type":"BreadcrumbList","@id":"https:\/\/www.sackarend-palettenbau.de\/?page_id=318#breadcrumb","itemListElement":[{"@type":"ListItem","position":1,"name":"Startseite","item":"https:\/\/www.sackarend-palettenbau.de\/"},{"@type":"ListItem","position":2,"name":"Industrieverpackungen"}]},{"@type":"WebSite","@id":"https:\/\/www.sackarend-palettenbau.de\/#website","url":"https:\/\/www.sackarend-palettenbau.de\/","name":"Sackarend-Palettenbau","description":"","publisher":{"@id":"https:\/\/www.sackarend-palettenbau.de\/#organization"},"potentialAction":[{"@type":"SearchAction","target":{"@type":"EntryPoint","urlTemplate":"https:\/\/www.sackarend-palettenbau.de\/?s={search_term_string}"},"query-input":"required name=search_term_string"}],"inLanguage":"de"},{"@type":"Organization","@id":"https:\/\/www.sackarend-palettenbau.de\/#organization","name":"Sackarend-Palettenbau","url":"https:\/\/www.sackarend-palettenbau.de\/","logo":{"@type":"ImageObject","inLanguage":"de","@id":"https:\/\/www.sackarend-palettenbau.de\/#\/schema\/logo\/image\/","url":"https:\/\/www.sackarend-palettenbau.de\/wp-content\/uploads\/2020\/11\/sp-logo-2-3.jpg","contentUrl":"https:\/\/www.sackarend-palettenbau.de\/wp-content\/uploads\/2020\/11\/sp-logo-2-3.jpg","width":322,"height":76,"caption":"Sackarend-Palettenbau"},"image":{"@id":"https:\/\/www.sackarend-palettenbau.de\/#\/schema\/logo\/image\/"}}]}},"_links":{"self":[{"href":"https:\/\/www.sackarend-palettenbau.de\/index.php?rest_route=\/wp\/v2\/pages\/318"}],"collection":[{"href":"https:\/\/www.sackarend-palettenbau.de\/index.php?rest_route=\/wp\/v2\/pages"}],"about":[{"href":"https:\/\/www.sackarend-palettenbau.de\/index.php?rest_route=\/wp\/v2\/types\/page"}],"author":[{"embeddable":true,"href":"https:\/\/www.sackarend-palettenbau.de\/index.php?rest_route=\/wp\/v2\/users\/1"}],"replies":[{"embeddable":true,"href":"https:\/\/www.sackarend-palettenbau.de\/index.php?rest_route=%2Fwp%2Fv2%2Fcomments&post=318"}],"version-history":[{"count":15,"href":"https:\/\/www.sackarend-palettenbau.de\/index.php?rest_route=\/wp\/v2\/pages\/318\/revisions"}],"predecessor-version":[{"id":614,"href":"https:\/\/www.sackarend-palettenbau.de\/index.php?rest_route=\/wp\/v2\/pages\/318\/revisions\/614"}],"wp:attachment":[{"href":"https:\/\/www.sackarend-palettenbau.de\/index.php?rest_route=%2Fwp%2Fv2%2Fmedia&parent=318"}],"curies":[{"name":"wp","href":"https:\/\/api.w.org\/{rel}","templated":true}]}}