{"id":534,"date":"2020-12-01T19:30:11","date_gmt":"2020-12-01T19:30:11","guid":{"rendered":"http:\/\/wordpress.sackarend-palettenbau.de\/?page_id=534"},"modified":"2020-12-01T19:30:12","modified_gmt":"2020-12-01T19:30:12","slug":"impressum","status":"publish","type":"page","link":"https:\/\/www.sackarend-palettenbau.de\/?page_id=534","title":{"rendered":"Impressum"},"content":{"rendered":"\n<figure class=\"wp-block-table\"><table><tbody><tr><td>Michael Sackarend &#8211; Eisenbahnstr. 1a &#8211; 48231 Warendorf<\/td><\/tr><tr><td>Telefon: +49(0)2581 42 91<\/td><\/tr><tr><td>Telefax: +49(0)2581 78 34 48 5<\/td><\/tr><tr><td>Mobil: 0171 \/ 140 33 41<\/td><\/tr><tr><td>E-Mail: info@sackarend-palettenbau.de<\/td><\/tr><tr><td>Internet: www.sackarend-palettenbau.de<\/td><\/tr><tr><td>Ust-ID: DE251860743<\/td><\/tr><tr><td><br><strong>Haftung:<\/strong><br>Sackarend-Palettenbau \u00fcbernimmt keine Haftung oder Garantie f\u00fcr die Aktualit\u00e4t, Korrektheit oder Vollst\u00e4ndigkeit der im Internet zur Verf\u00fcgung gestellten Informationen. Des Weiteren \u00fcbernimmt Sackarend-Palettenbau keine Gew\u00e4hr f\u00fcr Verluste, die durch die Verwendung oder Verteilung dieser Informationen verursacht oder mit der Verteilung\/Nutzung dieser Informationen im Zusammenhang stehen. Trotz sorgf\u00e4ltiger inhaltlicher Kontrolle \u00fcbernehmen wir keine Haftung f\u00fcr die Inhalte externer Links. F\u00fcr den Inhalt der verlinkten Seiten sind ausschlie\u00dflich deren Betreiber verantwortlich. Sackarend-Palettenbau beh\u00e4lt sich das Recht vor, die bereitgestellten Informationen jederzeit zu erg\u00e4nzen oder zu \u00e4ndern.<br><br><strong>Copyright:<\/strong><br>Texte, Bilder, Grafiken und deren Anordnung auf der Sackarend-Palettenbau Webseite unterliegen dem Schutz des Urheberrechts und anderer Schutzgesetze. Der Inhalt dieser Webseite darf nur mit Genehmigung von Sackarend-Palettenbau zu kommerziellen Zwecken kopiert, verbreitet, ver\u00e4ndert oder Dritten zug\u00e4nglich gemacht werden.<\/td><\/tr><\/tbody><\/table><\/figure>\n","protected":false},"excerpt":{"rendered":"<p>Michael Sackarend &#8211; Eisenbahnstr. 1a &#8211; 48231 Warendorf Telefon: +49(0)2581 42 91 Telefax: +49(0)2581 78 34 48 5 Mobil: 0171 \/ 140 33 41 E-Mail: info@sackarend-palettenbau.de Internet: www.sackarend-palettenbau.de Ust-ID: DE251860743 Haftung:Sackarend-Palettenbau \u00fcbernimmt keine Haftung oder Garantie f\u00fcr die Aktualit\u00e4t, Korrektheit oder Vollst\u00e4ndigkeit der im Internet zur Verf\u00fcgung gestellten Informationen. Des Weiteren \u00fcbernimmt Sackarend-Palettenbau keine Gew\u00e4hr [&hellip;]<\/p>\n","protected":false},"author":1,"featured_media":0,"parent":0,"menu_order":0,"comment_status":"closed","ping_status":"closed","template":"","meta":[],"yoast_head":"<!-- This site is optimized with the Yoast SEO plugin v20.3 - https:\/\/yoast.com\/wordpress\/plugins\/seo\/ -->\n<title>Impressum - Sackarend-Palettenbau<\/title>\n<meta name=\"robots\" content=\"index, follow, max-snippet:-1, max-image-preview:large, max-video-preview:-1\" \/>\n<link rel=\"canonical\" href=\"https:\/\/www.sackarend-palettenbau.de\/?page_id=534\" \/>\n<meta property=\"og:locale\" content=\"de_DE\" \/>\n<meta property=\"og:type\" content=\"article\" \/>\n<meta property=\"og:title\" content=\"Impressum - Sackarend-Palettenbau\" \/>\n<meta property=\"og:description\" content=\"Michael Sackarend &#8211; Eisenbahnstr. 1a &#8211; 48231 Warendorf Telefon: +49(0)2581 42 91 Telefax: +49(0)2581 78 34 48 5 Mobil: 0171 \/ 140 33 41 E-Mail: info@sackarend-palettenbau.de Internet: www.sackarend-palettenbau.de Ust-ID: DE251860743 Haftung:Sackarend-Palettenbau \u00fcbernimmt keine Haftung oder Garantie f\u00fcr die Aktualit\u00e4t, Korrektheit oder Vollst\u00e4ndigkeit der im Internet zur Verf\u00fcgung gestellten Informationen. Des Weiteren \u00fcbernimmt Sackarend-Palettenbau keine Gew\u00e4hr [&hellip;]\" \/>\n<meta property=\"og:url\" content=\"https:\/\/www.sackarend-palettenbau.de\/?page_id=534\" \/>\n<meta property=\"og:site_name\" content=\"Sackarend-Palettenbau\" \/>\n<meta property=\"article:modified_time\" content=\"2020-12-01T19:30:12+00:00\" \/>\n<meta name=\"twitter:card\" content=\"summary_large_image\" \/>\n<meta name=\"twitter:label1\" content=\"Gesch\u00e4tzte Lesezeit\" \/>\n\t<meta name=\"twitter:data1\" content=\"1\u00a0Minute\" \/>\n<script type=\"application\/ld+json\" class=\"yoast-schema-graph\">{\"@context\":\"https:\/\/schema.org\",\"@graph\":[{\"@type\":\"WebPage\",\"@id\":\"https:\/\/www.sackarend-palettenbau.de\/?page_id=534\",\"url\":\"https:\/\/www.sackarend-palettenbau.de\/?page_id=534\",\"name\":\"Impressum - Sackarend-Palettenbau\",\"isPartOf\":{\"@id\":\"https:\/\/www.sackarend-palettenbau.de\/#website\"},\"datePublished\":\"2020-12-01T19:30:11+00:00\",\"dateModified\":\"2020-12-01T19:30:12+00:00\",\"breadcrumb\":{\"@id\":\"https:\/\/www.sackarend-palettenbau.de\/?page_id=534#breadcrumb\"},\"inLanguage\":\"de\",\"potentialAction\":[{\"@type\":\"ReadAction\",\"target\":[\"https:\/\/www.sackarend-palettenbau.de\/?page_id=534\"]}]},{\"@type\":\"BreadcrumbList\",\"@id\":\"https:\/\/www.sackarend-palettenbau.de\/?page_id=534#breadcrumb\",\"itemListElement\":[{\"@type\":\"ListItem\",\"position\":1,\"name\":\"Startseite\",\"item\":\"https:\/\/www.sackarend-palettenbau.de\/\"},{\"@type\":\"ListItem\",\"position\":2,\"name\":\"Impressum\"}]},{\"@type\":\"WebSite\",\"@id\":\"https:\/\/www.sackarend-palettenbau.de\/#website\",\"url\":\"https:\/\/www.sackarend-palettenbau.de\/\",\"name\":\"Sackarend-Palettenbau\",\"description\":\"\",\"publisher\":{\"@id\":\"https:\/\/www.sackarend-palettenbau.de\/#organization\"},\"potentialAction\":[{\"@type\":\"SearchAction\",\"target\":{\"@type\":\"EntryPoint\",\"urlTemplate\":\"https:\/\/www.sackarend-palettenbau.de\/?s={search_term_string}\"},\"query-input\":\"required name=search_term_string\"}],\"inLanguage\":\"de\"},{\"@type\":\"Organization\",\"@id\":\"https:\/\/www.sackarend-palettenbau.de\/#organization\",\"name\":\"Sackarend-Palettenbau\",\"url\":\"https:\/\/www.sackarend-palettenbau.de\/\",\"logo\":{\"@type\":\"ImageObject\",\"inLanguage\":\"de\",\"@id\":\"https:\/\/www.sackarend-palettenbau.de\/#\/schema\/logo\/image\/\",\"url\":\"https:\/\/www.sackarend-palettenbau.de\/wp-content\/uploads\/2020\/11\/sp-logo-2-3.jpg\",\"contentUrl\":\"https:\/\/www.sackarend-palettenbau.de\/wp-content\/uploads\/2020\/11\/sp-logo-2-3.jpg\",\"width\":322,\"height\":76,\"caption\":\"Sackarend-Palettenbau\"},\"image\":{\"@id\":\"https:\/\/www.sackarend-palettenbau.de\/#\/schema\/logo\/image\/\"}}]}<\/script>\n<!-- \/ Yoast SEO plugin. -->","yoast_head_json":{"title":"Impressum - Sackarend-Palettenbau","robots":{"index":"index","follow":"follow","max-snippet":"max-snippet:-1","max-image-preview":"max-image-preview:large","max-video-preview":"max-video-preview:-1"},"canonical":"https:\/\/www.sackarend-palettenbau.de\/?page_id=534","og_locale":"de_DE","og_type":"article","og_title":"Impressum - Sackarend-Palettenbau","og_description":"Michael Sackarend &#8211; Eisenbahnstr. 1a &#8211; 48231 Warendorf Telefon: +49(0)2581 42 91 Telefax: +49(0)2581 78 34 48 5 Mobil: 0171 \/ 140 33 41 E-Mail: info@sackarend-palettenbau.de Internet: www.sackarend-palettenbau.de Ust-ID: DE251860743 Haftung:Sackarend-Palettenbau \u00fcbernimmt keine Haftung oder Garantie f\u00fcr die Aktualit\u00e4t, Korrektheit oder Vollst\u00e4ndigkeit der im Internet zur Verf\u00fcgung gestellten Informationen. Des Weiteren \u00fcbernimmt Sackarend-Palettenbau keine Gew\u00e4hr [&hellip;]","og_url":"https:\/\/www.sackarend-palettenbau.de\/?page_id=534","og_site_name":"Sackarend-Palettenbau","article_modified_time":"2020-12-01T19:30:12+00:00","twitter_card":"summary_large_image","twitter_misc":{"Gesch\u00e4tzte Lesezeit":"1\u00a0Minute"},"schema":{"@context":"https:\/\/schema.org","@graph":[{"@type":"WebPage","@id":"https:\/\/www.sackarend-palettenbau.de\/?page_id=534","url":"https:\/\/www.sackarend-palettenbau.de\/?page_id=534","name":"Impressum - Sackarend-Palettenbau","isPartOf":{"@id":"https:\/\/www.sackarend-palettenbau.de\/#website"},"datePublished":"2020-12-01T19:30:11+00:00","dateModified":"2020-12-01T19:30:12+00:00","breadcrumb":{"@id":"https:\/\/www.sackarend-palettenbau.de\/?page_id=534#breadcrumb"},"inLanguage":"de","potentialAction":[{"@type":"ReadAction","target":["https:\/\/www.sackarend-palettenbau.de\/?page_id=534"]}]},{"@type":"BreadcrumbList","@id":"https:\/\/www.sackarend-palettenbau.de\/?page_id=534#breadcrumb","itemListElement":[{"@type":"ListItem","position":1,"name":"Startseite","item":"https:\/\/www.sackarend-palettenbau.de\/"},{"@type":"ListItem","position":2,"name":"Impressum"}]},{"@type":"WebSite","@id":"https:\/\/www.sackarend-palettenbau.de\/#website","url":"https:\/\/www.sackarend-palettenbau.de\/","name":"Sackarend-Palettenbau","description":"","publisher":{"@id":"https:\/\/www.sackarend-palettenbau.de\/#organization"},"potentialAction":[{"@type":"SearchAction","target":{"@type":"EntryPoint","urlTemplate":"https:\/\/www.sackarend-palettenbau.de\/?s={search_term_string}"},"query-input":"required name=search_term_string"}],"inLanguage":"de"},{"@type":"Organization","@id":"https:\/\/www.sackarend-palettenbau.de\/#organization","name":"Sackarend-Palettenbau","url":"https:\/\/www.sackarend-palettenbau.de\/","logo":{"@type":"ImageObject","inLanguage":"de","@id":"https:\/\/www.sackarend-palettenbau.de\/#\/schema\/logo\/image\/","url":"https:\/\/www.sackarend-palettenbau.de\/wp-content\/uploads\/2020\/11\/sp-logo-2-3.jpg","contentUrl":"https:\/\/www.sackarend-palettenbau.de\/wp-content\/uploads\/2020\/11\/sp-logo-2-3.jpg","width":322,"height":76,"caption":"Sackarend-Palettenbau"},"image":{"@id":"https:\/\/www.sackarend-palettenbau.de\/#\/schema\/logo\/image\/"}}]}},"_links":{"self":[{"href":"https:\/\/www.sackarend-palettenbau.de\/index.php?rest_route=\/wp\/v2\/pages\/534"}],"collection":[{"href":"https:\/\/www.sackarend-palettenbau.de\/index.php?rest_route=\/wp\/v2\/pages"}],"about":[{"href":"https:\/\/www.sackarend-palettenbau.de\/index.php?rest_route=\/wp\/v2\/types\/page"}],"author":[{"embeddable":true,"href":"https:\/\/www.sackarend-palettenbau.de\/index.php?rest_route=\/wp\/v2\/users\/1"}],"replies":[{"embeddable":true,"href":"https:\/\/www.sackarend-palettenbau.de\/index.php?rest_route=%2Fwp%2Fv2%2Fcomments&post=534"}],"version-history":[{"count":1,"href":"https:\/\/www.sackarend-palettenbau.de\/index.php?rest_route=\/wp\/v2\/pages\/534\/revisions"}],"predecessor-version":[{"id":535,"href":"https:\/\/www.sackarend-palettenbau.de\/index.php?rest_route=\/wp\/v2\/pages\/534\/revisions\/535"}],"wp:attachment":[{"href":"https:\/\/www.sackarend-palettenbau.de\/index.php?rest_route=%2Fwp%2Fv2%2Fmedia&parent=534"}],"curies":[{"name":"wp","href":"https:\/\/api.w.org\/{rel}","templated":true}]}}