{"id":76,"date":"2018-09-05T06:35:22","date_gmt":"2018-09-05T06:35:22","guid":{"rendered":"https:\/\/dev.rigorousthemes.com\/demo\/businessstartupfree\/?page_id=76"},"modified":"2020-12-07T08:28:05","modified_gmt":"2020-12-07T07:28:05","slug":"service","status":"publish","type":"page","link":"https:\/\/www.sackarend-palettenbau.de\/?page_id=76","title":{"rendered":"Recycling"},"content":{"rendered":"\n<div class=\"wp-block-media-text alignwide has-media-on-the-right is-stacked-on-mobile is-image-fill\" style=\"grid-template-columns:auto 59%\"><figure class=\"wp-block-media-text__media\" style=\"background-image:url(https:\/\/www.sackarend-palettenbau.de\/wp-content\/uploads\/2020\/11\/recycling-1.jpg);background-position:50% 50%\"><img decoding=\"async\" loading=\"lazy\" width=\"845\" height=\"568\" src=\"https:\/\/www.sackarend-palettenbau.de\/wp-content\/uploads\/2020\/11\/recycling-1.jpg\" alt=\"\" class=\"wp-image-323\" srcset=\"https:\/\/www.sackarend-palettenbau.de\/wp-content\/uploads\/2020\/11\/recycling-1.jpg 845w, https:\/\/www.sackarend-palettenbau.de\/wp-content\/uploads\/2020\/11\/recycling-1-300x202.jpg 300w, https:\/\/www.sackarend-palettenbau.de\/wp-content\/uploads\/2020\/11\/recycling-1-768x516.jpg 768w\" sizes=\"(max-width: 845px) 100vw, 845px\" \/><\/figure><div class=\"wp-block-media-text__content\">\n<h2 class=\"has-text-align-center has-large-font-size\">Achten sie auf die Umwelt<\/h2>\n\n\n\n<h2 class=\"has-text-align-center has-large-font-size\">Wir Recyclen Ihre alten Paletten<\/h2>\n<\/div><\/div>\n\n\n\n<p class=\"has-text-align-center\" style=\"font-size:30px\"><br>Wir verwerten nicht nur alte Paletten sondern auch alle weiteren Restabf\u00e4lle wie z.B. Restholz und S\u00e4gesp\u00e4ne. <\/p>\n\n\n\n<p class=\"has-text-align-center\" style=\"font-size:30px\">Diese verarbeiten wir als Hackschnitzel oder Industriepallets f\u00fcr unsere Trockenkammer und Hackschnitzelheizung.<\/p>\n\n\n\n<p class=\"has-text-align-center\" style=\"font-size:30px\"><br>So arbeiten wir m\u00f6glichst nachhaltig.<\/p>\n","protected":false},"excerpt":{"rendered":"<p>Achten sie auf die Umwelt Wir Recyclen Ihre alten Paletten Wir verwerten nicht nur alte Paletten sondern auch alle weiteren Restabf\u00e4lle wie z.B. Restholz und S\u00e4gesp\u00e4ne. Diese verarbeiten wir als Hackschnitzel oder Industriepallets f\u00fcr unsere Trockenkammer und Hackschnitzelheizung. So arbeiten wir m\u00f6glichst nachhaltig.<\/p>\n","protected":false},"author":1,"featured_media":0,"parent":0,"menu_order":0,"comment_status":"closed","ping_status":"closed","template":"","meta":[],"yoast_head":"<!-- This site is optimized with the Yoast SEO plugin v20.3 - https:\/\/yoast.com\/wordpress\/plugins\/seo\/ -->\n<title>Recycling - Sackarend-Palettenbau<\/title>\n<meta name=\"robots\" content=\"index, follow, max-snippet:-1, max-image-preview:large, max-video-preview:-1\" \/>\n<link rel=\"canonical\" href=\"https:\/\/www.sackarend-palettenbau.de\/?page_id=76\" \/>\n<meta property=\"og:locale\" content=\"de_DE\" \/>\n<meta property=\"og:type\" content=\"article\" \/>\n<meta property=\"og:title\" content=\"Recycling - Sackarend-Palettenbau\" \/>\n<meta property=\"og:description\" content=\"Achten sie auf die Umwelt Wir Recyclen Ihre alten Paletten Wir verwerten nicht nur alte Paletten sondern auch alle weiteren Restabf\u00e4lle wie z.B. Restholz und S\u00e4gesp\u00e4ne. Diese verarbeiten wir als Hackschnitzel oder Industriepallets f\u00fcr unsere Trockenkammer und Hackschnitzelheizung. So arbeiten wir m\u00f6glichst nachhaltig.\" \/>\n<meta property=\"og:url\" content=\"https:\/\/www.sackarend-palettenbau.de\/?page_id=76\" \/>\n<meta property=\"og:site_name\" content=\"Sackarend-Palettenbau\" \/>\n<meta property=\"article:modified_time\" content=\"2020-12-07T07:28:05+00:00\" \/>\n<meta property=\"og:image\" content=\"https:\/\/www.sackarend-palettenbau.de\/wp-content\/uploads\/2020\/11\/recycling-1.jpg\" \/>\n<meta name=\"twitter:card\" content=\"summary_large_image\" \/>\n<script type=\"application\/ld+json\" class=\"yoast-schema-graph\">{\"@context\":\"https:\/\/schema.org\",\"@graph\":[{\"@type\":\"WebPage\",\"@id\":\"https:\/\/www.sackarend-palettenbau.de\/?page_id=76\",\"url\":\"https:\/\/www.sackarend-palettenbau.de\/?page_id=76\",\"name\":\"Recycling - Sackarend-Palettenbau\",\"isPartOf\":{\"@id\":\"https:\/\/www.sackarend-palettenbau.de\/#website\"},\"datePublished\":\"2018-09-05T06:35:22+00:00\",\"dateModified\":\"2020-12-07T07:28:05+00:00\",\"breadcrumb\":{\"@id\":\"https:\/\/www.sackarend-palettenbau.de\/?page_id=76#breadcrumb\"},\"inLanguage\":\"de\",\"potentialAction\":[{\"@type\":\"ReadAction\",\"target\":[\"https:\/\/www.sackarend-palettenbau.de\/?page_id=76\"]}]},{\"@type\":\"BreadcrumbList\",\"@id\":\"https:\/\/www.sackarend-palettenbau.de\/?page_id=76#breadcrumb\",\"itemListElement\":[{\"@type\":\"ListItem\",\"position\":1,\"name\":\"Startseite\",\"item\":\"https:\/\/www.sackarend-palettenbau.de\/\"},{\"@type\":\"ListItem\",\"position\":2,\"name\":\"Recycling\"}]},{\"@type\":\"WebSite\",\"@id\":\"https:\/\/www.sackarend-palettenbau.de\/#website\",\"url\":\"https:\/\/www.sackarend-palettenbau.de\/\",\"name\":\"Sackarend-Palettenbau\",\"description\":\"\",\"publisher\":{\"@id\":\"https:\/\/www.sackarend-palettenbau.de\/#organization\"},\"potentialAction\":[{\"@type\":\"SearchAction\",\"target\":{\"@type\":\"EntryPoint\",\"urlTemplate\":\"https:\/\/www.sackarend-palettenbau.de\/?s={search_term_string}\"},\"query-input\":\"required name=search_term_string\"}],\"inLanguage\":\"de\"},{\"@type\":\"Organization\",\"@id\":\"https:\/\/www.sackarend-palettenbau.de\/#organization\",\"name\":\"Sackarend-Palettenbau\",\"url\":\"https:\/\/www.sackarend-palettenbau.de\/\",\"logo\":{\"@type\":\"ImageObject\",\"inLanguage\":\"de\",\"@id\":\"https:\/\/www.sackarend-palettenbau.de\/#\/schema\/logo\/image\/\",\"url\":\"https:\/\/www.sackarend-palettenbau.de\/wp-content\/uploads\/2020\/11\/sp-logo-2-3.jpg\",\"contentUrl\":\"https:\/\/www.sackarend-palettenbau.de\/wp-content\/uploads\/2020\/11\/sp-logo-2-3.jpg\",\"width\":322,\"height\":76,\"caption\":\"Sackarend-Palettenbau\"},\"image\":{\"@id\":\"https:\/\/www.sackarend-palettenbau.de\/#\/schema\/logo\/image\/\"}}]}<\/script>\n<!-- \/ Yoast SEO plugin. -->","yoast_head_json":{"title":"Recycling - Sackarend-Palettenbau","robots":{"index":"index","follow":"follow","max-snippet":"max-snippet:-1","max-image-preview":"max-image-preview:large","max-video-preview":"max-video-preview:-1"},"canonical":"https:\/\/www.sackarend-palettenbau.de\/?page_id=76","og_locale":"de_DE","og_type":"article","og_title":"Recycling - Sackarend-Palettenbau","og_description":"Achten sie auf die Umwelt Wir Recyclen Ihre alten Paletten Wir verwerten nicht nur alte Paletten sondern auch alle weiteren Restabf\u00e4lle wie z.B. Restholz und S\u00e4gesp\u00e4ne. Diese verarbeiten wir als Hackschnitzel oder Industriepallets f\u00fcr unsere Trockenkammer und Hackschnitzelheizung. So arbeiten wir m\u00f6glichst nachhaltig.","og_url":"https:\/\/www.sackarend-palettenbau.de\/?page_id=76","og_site_name":"Sackarend-Palettenbau","article_modified_time":"2020-12-07T07:28:05+00:00","og_image":[{"url":"https:\/\/www.sackarend-palettenbau.de\/wp-content\/uploads\/2020\/11\/recycling-1.jpg"}],"twitter_card":"summary_large_image","schema":{"@context":"https:\/\/schema.org","@graph":[{"@type":"WebPage","@id":"https:\/\/www.sackarend-palettenbau.de\/?page_id=76","url":"https:\/\/www.sackarend-palettenbau.de\/?page_id=76","name":"Recycling - Sackarend-Palettenbau","isPartOf":{"@id":"https:\/\/www.sackarend-palettenbau.de\/#website"},"datePublished":"2018-09-05T06:35:22+00:00","dateModified":"2020-12-07T07:28:05+00:00","breadcrumb":{"@id":"https:\/\/www.sackarend-palettenbau.de\/?page_id=76#breadcrumb"},"inLanguage":"de","potentialAction":[{"@type":"ReadAction","target":["https:\/\/www.sackarend-palettenbau.de\/?page_id=76"]}]},{"@type":"BreadcrumbList","@id":"https:\/\/www.sackarend-palettenbau.de\/?page_id=76#breadcrumb","itemListElement":[{"@type":"ListItem","position":1,"name":"Startseite","item":"https:\/\/www.sackarend-palettenbau.de\/"},{"@type":"ListItem","position":2,"name":"Recycling"}]},{"@type":"WebSite","@id":"https:\/\/www.sackarend-palettenbau.de\/#website","url":"https:\/\/www.sackarend-palettenbau.de\/","name":"Sackarend-Palettenbau","description":"","publisher":{"@id":"https:\/\/www.sackarend-palettenbau.de\/#organization"},"potentialAction":[{"@type":"SearchAction","target":{"@type":"EntryPoint","urlTemplate":"https:\/\/www.sackarend-palettenbau.de\/?s={search_term_string}"},"query-input":"required name=search_term_string"}],"inLanguage":"de"},{"@type":"Organization","@id":"https:\/\/www.sackarend-palettenbau.de\/#organization","name":"Sackarend-Palettenbau","url":"https:\/\/www.sackarend-palettenbau.de\/","logo":{"@type":"ImageObject","inLanguage":"de","@id":"https:\/\/www.sackarend-palettenbau.de\/#\/schema\/logo\/image\/","url":"https:\/\/www.sackarend-palettenbau.de\/wp-content\/uploads\/2020\/11\/sp-logo-2-3.jpg","contentUrl":"https:\/\/www.sackarend-palettenbau.de\/wp-content\/uploads\/2020\/11\/sp-logo-2-3.jpg","width":322,"height":76,"caption":"Sackarend-Palettenbau"},"image":{"@id":"https:\/\/www.sackarend-palettenbau.de\/#\/schema\/logo\/image\/"}}]}},"_links":{"self":[{"href":"https:\/\/www.sackarend-palettenbau.de\/index.php?rest_route=\/wp\/v2\/pages\/76"}],"collection":[{"href":"https:\/\/www.sackarend-palettenbau.de\/index.php?rest_route=\/wp\/v2\/pages"}],"about":[{"href":"https:\/\/www.sackarend-palettenbau.de\/index.php?rest_route=\/wp\/v2\/types\/page"}],"author":[{"embeddable":true,"href":"https:\/\/www.sackarend-palettenbau.de\/index.php?rest_route=\/wp\/v2\/users\/1"}],"replies":[{"embeddable":true,"href":"https:\/\/www.sackarend-palettenbau.de\/index.php?rest_route=%2Fwp%2Fv2%2Fcomments&post=76"}],"version-history":[{"count":14,"href":"https:\/\/www.sackarend-palettenbau.de\/index.php?rest_route=\/wp\/v2\/pages\/76\/revisions"}],"predecessor-version":[{"id":638,"href":"https:\/\/www.sackarend-palettenbau.de\/index.php?rest_route=\/wp\/v2\/pages\/76\/revisions\/638"}],"wp:attachment":[{"href":"https:\/\/www.sackarend-palettenbau.de\/index.php?rest_route=%2Fwp%2Fv2%2Fmedia&parent=76"}],"curies":[{"name":"wp","href":"https:\/\/api.w.org\/{rel}","templated":true}]}}